{"id":665,"date":"2024-09-30T09:34:47","date_gmt":"2024-09-30T07:34:47","guid":{"rendered":"https:\/\/pete-ai.hovemann-dev.net\/?page_id=665"},"modified":"2024-10-16T13:10:01","modified_gmt":"2024-10-16T11:10:01","slug":"kontakt","status":"publish","type":"page","link":"https:\/\/pete-ai.com\/de\/kontakt\/","title":{"rendered":"Kontakt"},"content":{"rendered":" <div class=\"block block--text   margin-bottom--huge\" id=\"block_23694ce54a3e442783166b694c73944b\" data-id=\"\">\n\n\n\t<div class=\"container container--tiny\">\n\n\t\t<h1 style=\"text-align: center;\">Kontakt<\/h1>\n<p class=\"text--bigger\" style=\"text-align: center;\"><span style=\"font-weight: 400;\">Ob Sie mehr \u00fcber PETE erfahren m\u00f6chten, Fragen zur Implementierung haben oder mit uns \u00fcber ein anderes Thema sprechen wollen \u2013 unser Team ist nur einen Klick entfernt. Lassen Sie uns gemeinsam herausfinden, wie PETE Ihr IT-Service-Management revolutionieren kann. Nehmen Sie jetzt Kontakt auf.<\/p>\n<p><a href=\"https:\/\/pete-ai.com\/de\/ueber-pete-it-vendor-management\/\">Hier entlang, um PETE kennenzulernen.<\/a><\/p>\n<p><\/span><\/p>\n<p>&nbsp;<\/p>\n<p>&nbsp;<\/p>\n\n\n\t\t\n\t<\/div>\n\n<\/div>\n\n <div class=\"block block--text   margin-bottom--huge\" id=\"kontakt\" data-id=\"kontakt\">\n\n\n\t<div class=\"container container--tiny\">\n\n\t\t<h2 style=\"text-align: center;\">Wir freuen uns auf Ihre Nachricht! Nehmen Sie jetzt Kontakt auf:<\/h2>\n<div class=\"wpforms-container wpforms-render-modern\" id=\"wpforms-1285\"><form id=\"wpforms-form-1285\" class=\"wpforms-validate wpforms-form wpforms-ajax-form\" data-formid=\"1285\" method=\"post\" enctype=\"multipart\/form-data\" action=\"\/de\/wp-json\/wp\/v2\/pages\/665\" data-token=\"6c2995defcd6f92ee5ed2e6d6d8505dd\" data-token-time=\"1776324686\"><noscript class=\"wpforms-error-noscript\">Bitte aktiviere JavaScript in deinem Browser, um dieses Formular fertigzustellen.<\/noscript><div id=\"wpforms-error-noscript\" style=\"display: none;\">Bitte aktiviere JavaScript in deinem Browser, um dieses Formular fertigzustellen.<\/div><div class=\"wpforms-field-container\"><div id=\"wpforms-1285-field_1-container\" class=\"wpforms-field wpforms-field-text\" data-field-id=\"1\"><label class=\"wpforms-field-label\" for=\"wpforms-1285-field_1\">Vorname* <span class=\"wpforms-required-label\" aria-hidden=\"true\">*<\/span><\/label><input type=\"text\" id=\"wpforms-1285-field_1\" class=\"wpforms-field-medium wpforms-field-required\" name=\"wpforms[fields][1]\" aria-errormessage=\"wpforms-1285-field_1-error\" required><\/div><div id=\"wpforms-1285-field_2-container\" class=\"wpforms-field wpforms-field-text\" data-field-id=\"2\"><label class=\"wpforms-field-label\" for=\"wpforms-1285-field_2\">Name* <span class=\"wpforms-required-label\" aria-hidden=\"true\">*<\/span><\/label><input type=\"text\" id=\"wpforms-1285-field_2\" class=\"wpforms-field-medium wpforms-field-required\" name=\"wpforms[fields][2]\" aria-errormessage=\"wpforms-1285-field_2-error\" required><\/div><div id=\"wpforms-1285-field_3-container\" class=\"wpforms-field wpforms-field-email\" data-field-id=\"3\"><label class=\"wpforms-field-label\" for=\"wpforms-1285-field_3\">E-Mail (gesch\u00e4ftlich)* <span class=\"wpforms-required-label\" aria-hidden=\"true\">*<\/span><\/label><input type=\"email\" id=\"wpforms-1285-field_3\" class=\"wpforms-field-medium wpforms-field-required\" name=\"wpforms[fields][3]\" spellcheck=\"false\" aria-errormessage=\"wpforms-1285-field_3-error\" required><\/div>\t\t<div id=\"wpforms-1285-field_4-container\"\n\t\t\tclass=\"wpforms-field wpforms-field-text\"\n\t\t\tdata-field-type=\"text\"\n\t\t\tdata-field-id=\"4\"\n\t\t\t>\n\t\t\t<label class=\"wpforms-field-label\" for=\"wpforms-1285-field_4\" >Datenschutz Organisation* (gesch\u00e4ftlich)*<\/label>\n\t\t\t<input type=\"text\" id=\"wpforms-1285-field_4\" class=\"wpforms-field-medium\" name=\"wpforms[fields][4]\" >\n\t\t<\/div>\n\t\t<div id=\"wpforms-1285-field_8-container\" class=\"wpforms-field wpforms-field-text\" data-field-id=\"8\"><label class=\"wpforms-field-label\" for=\"wpforms-1285-field_8\">Organisation* <span class=\"wpforms-required-label\" aria-hidden=\"true\">*<\/span><\/label><input type=\"text\" id=\"wpforms-1285-field_8\" class=\"wpforms-field-medium wpforms-field-required\" name=\"wpforms[fields][8]\" aria-errormessage=\"wpforms-1285-field_8-error\" required><\/div><div id=\"wpforms-1285-field_5-container\" class=\"wpforms-field wpforms-field-textarea\" data-field-id=\"5\"><label class=\"wpforms-field-label\" for=\"wpforms-1285-field_5\">Ihre Nachricht* <span class=\"wpforms-required-label\" aria-hidden=\"true\">*<\/span><\/label><textarea id=\"wpforms-1285-field_5\" class=\"wpforms-field-medium wpforms-field-required\" name=\"wpforms[fields][5]\" aria-errormessage=\"wpforms-1285-field_5-error\" required><\/textarea><\/div><div id=\"wpforms-1285-field_6-container\" class=\"wpforms-field wpforms-field-checkbox\" data-field-id=\"6\"><fieldset><legend class=\"wpforms-field-label wpforms-label-hide\" aria-hidden=\"false\">Datenschutz <span class=\"wpforms-required-label\" aria-hidden=\"true\">*<\/span><\/legend><ul id=\"wpforms-1285-field_6\" class=\"wpforms-field-required\"><li class=\"choice-1 depth-1\"><input type=\"checkbox\" id=\"wpforms-1285-field_6_1\" name=\"wpforms[fields][6][]\" value=\"Um das Formular abzuschicken Stimmen Sie bitte unseren Datenschutzrichtlinien zu.*\" aria-errormessage=\"wpforms-1285-field_6_1-error\" required ><label class=\"wpforms-field-label-inline\" for=\"wpforms-1285-field_6_1\">Um das Formular abzuschicken Stimmen Sie bitte unseren Datenschutzrichtlinien zu.*<\/label><\/li><\/ul><\/fieldset><\/div><script>\n\t\t\t\t( function() {\n\t\t\t\t\tconst style = document.createElement( 'style' );\n\t\t\t\t\tstyle.appendChild( document.createTextNode( '#wpforms-1285-field_4-container { position: absolute !important; overflow: hidden !important; display: inline !important; height: 1px !important; width: 1px !important; z-index: -1000 !important; padding: 0 !important; } #wpforms-1285-field_4-container input { visibility: hidden; } #wpforms-conversational-form-page #wpforms-1285-field_4-container label { counter-increment: none; }' ) );\n\t\t\t\t\tdocument.head.appendChild( style );\n\t\t\t\t\tdocument.currentScript?.remove();\n\t\t\t\t} )();\n\t\t\t<\/script><\/div><!-- .wpforms-field-container --><div class=\"wpforms-recaptcha-container wpforms-is-recaptcha wpforms-is-recaptcha-type-v3\" ><input type=\"hidden\" name=\"wpforms[recaptcha]\" value=\"\"><\/div><div class=\"wpforms-submit-container\" ><input type=\"hidden\" name=\"wpforms[id]\" value=\"1285\"><input type=\"hidden\" name=\"page_title\" value=\"\"><input type=\"hidden\" name=\"page_url\" value=\"https:\/\/pete-ai.com\/de\/wp-json\/wp\/v2\/pages\/665\"><input type=\"hidden\" name=\"url_referer\" value=\"\"><button type=\"submit\" name=\"wpforms[submit]\" id=\"wpforms-submit-1285\" class=\"wpforms-submit\" data-alt-text=\"Senden\u00a0\u2026\" data-submit-text=\"Sende Nachricht\" aria-live=\"assertive\" value=\"wpforms-submit\">Sende Nachricht<\/button><img decoding=\"async\" src=\"https:\/\/pete-ai.com\/wp-content\/plugins\/wpforms-lite\/assets\/images\/submit-spin.svg\" class=\"wpforms-submit-spinner\" style=\"display: none;\" width=\"26\" height=\"26\" alt=\"Wird geladen\"><\/div><\/form><\/div>  <!-- .wpforms-container -->\n<p>&nbsp;<\/p>\n<p>&nbsp;<\/p>\n\n\n\t\t\n\t<\/div>\n\n<\/div>\n\n <div class=\"block block--text-image-grid   margin-bottom--huge\" id=\"block_4e76e6876f13906467a127c94639c74a\" data-id=\"\">\n\n\n \t\n\n\t<div class=\"container container--small js-fade js-fade-in\">\n\n\t\t<div class=\"flex flexgrid--gutter flex--middle flex--wrap img--rechts\">\n\n\t\t\t<div class=\"flex__item one-half md-one-whole md-margin-bottom\">\n\n\t\t\t\t\n\t\t\t\t\t<img decoding=\"async\" src=\"https:\/\/pete-ai.com\/wp-content\/uploads\/2024\/09\/Process_Squad_JC22703-800x533.jpg\"\n\t\t\t\t\t\tsrcset=\"https:\/\/pete-ai.com\/wp-content\/uploads\/2024\/09\/Process_Squad_JC22703-1600x1067.jpg 1600w,\n\t\t\t\t\t\t\t\thttps:\/\/pete-ai.com\/wp-content\/uploads\/2024\/09\/Process_Squad_JC22703-1400x933.jpg 1400w,\n\t\t\t\t\t\t\t\thttps:\/\/pete-ai.com\/wp-content\/uploads\/2024\/09\/Process_Squad_JC22703-1200x800.jpg 1200w,\n\t\t\t\t\t\t\t\thttps:\/\/pete-ai.com\/wp-content\/uploads\/2024\/09\/Process_Squad_JC22703-1024x683.jpg 1024w,\n\t\t\t\t\t\t\t\thttps:\/\/pete-ai.com\/wp-content\/uploads\/2024\/09\/Process_Squad_JC22703-800x533.jpg 800w,\n\t\t\t\t\t\t\t\thttps:\/\/pete-ai.com\/wp-content\/uploads\/2024\/09\/Process_Squad_JC22703-680x453.jpg 680w,\n\t\t\t\t\t\t\t\thttps:\/\/pete-ai.com\/wp-content\/uploads\/2024\/09\/Process_Squad_JC22703-500x333.jpg 500w\" \n\t\t\t\t\t\tsizes=\"(min-width:1561px) 760px, (min-width:841px) and (max-width:1560px) 48vw, 94vw\" \n\t\t\t\t\t\tloading=\"lazy\"\n\t\t\t\t\t\t\t\t\t\t\t\t\t\t\t\t\t\t\twidth=\"2560\" height=\"1707\"\n\t\t\t\t\t\t\t\t\t\t\t\talt=\"Kontakt\">\n\n\t\t\t\t\n\t\t\t<\/div>\n\n\t\t\t<div class=\"flex__item one-half md-one-whole md-margin-bottom\">\n\n\t\t\t\t<div class=\"inner\">\n\t\t\t\t\t\n\t\t\t\t\t<h2>PETE Technologies GmbH<\/h2>\n<p class=\"margin-bottom\">Ringstra\u00dfe 48<br \/>\n45219 Essen<br \/>\nT: +49 2054 8605480<\/p>\n<p><a href=\"mailto:info@pete-ai.com\">info@pete-ai.com<\/a><\/p>\n\n\t\t\t\t\t\n\t\t\t\t\t\n\t\t\t\t<\/div>\n\t\t\t\n\t\t\t<\/div>\n\n\t\t<\/div>\n\n\t<\/div>\n\n<\/div>\n\n<div class=\"block block--image  margin-bottom--huge\" id=\"block_fb9e5566f4eaf854cf1f20e9e9bd1951\" data-id=\"\">\n\n\n\t<div class=\"container \">\n\n\n\t\t\n\t\t\n\t\t\t<div class=\"text--center\">\n\t\t\t\t\n\t\t\t\t\t<img decoding=\"async\" src=\"https:\/\/pete-ai.com\/wp-content\/uploads\/2024\/09\/pete-contact-1024x681.png\"\n\t\t\t\t\t\tsrcset=\"https:\/\/pete-ai.com\/wp-content\/uploads\/2024\/09\/pete-contact.png 2400w,\n\t\t\t\t\t\t\t\thttps:\/\/pete-ai.com\/wp-content\/uploads\/2024\/09\/pete-contact-1920x1277.png 1920w,\n\t\t\t\t\t\t\t\thttps:\/\/pete-ai.com\/wp-content\/uploads\/2024\/09\/pete-contact-1600x1064.png 1600w,\n\t\t\t\t\t\t\t\thttps:\/\/pete-ai.com\/wp-content\/uploads\/2024\/09\/pete-contact-1400x931.png 1400w,\n\t\t\t\t\t\t\t\thttps:\/\/pete-ai.com\/wp-content\/uploads\/2024\/09\/pete-contact-1200x798.png 1200w,\n\t\t\t\t\t\t\t\thttps:\/\/pete-ai.com\/wp-content\/uploads\/2024\/09\/pete-contact-1024x681.png 1024w,\n\t\t\t\t\t\t\t\thttps:\/\/pete-ai.com\/wp-content\/uploads\/2024\/09\/pete-contact-800x532.png 800w,\n\t\t\t\t\t\t\t\thttps:\/\/pete-ai.com\/wp-content\/uploads\/2024\/09\/pete-contact-680x452.png 680w\" \n\t\t\t\t\t\tsizes=\"(min-width:1060px) 1020px, 96vw\" loading=\"lazy\"\n\t\t\t\t\t\t\t\t\t\t\t\t\twidth=\"2036\" height=\"1354\"\n\t\t\t\t\t\t\t\t\t\t\t\t\t\t\t\t\t\t\tstyle=\"width:1020px\"\n\t\t\t\t\t\t\t\t\t\t\t\talt=\"\">\n\t\t\t\t\t\t\t<\/div>\n\t\t\n\t\t\n\t<\/div>\n\n<\/div>","protected":false},"excerpt":{"rendered":"","protected":false},"author":2,"featured_media":0,"parent":0,"menu_order":0,"comment_status":"closed","ping_status":"closed","template":"","meta":{"_acf_changed":false,"footnotes":""},"class_list":["post-665","page","type-page","status-publish","hentry"],"acf":[],"yoast_head":"<!-- This site is optimized with the Yoast SEO plugin v27.4 - https:\/\/yoast.com\/product\/yoast-seo-wordpress\/ -->\n<title>Kontakt - Team PETE kennenlernen<\/title>\n<meta name=\"description\" content=\"Jetzt Kontakt aufnehmen! Lassen Sie uns gemeinsam herausfinden, wie PETE Ihr IT-Service-Management revolutionieren kann.\" \/>\n<meta name=\"robots\" content=\"index, follow, max-snippet:-1, max-image-preview:large, max-video-preview:-1\" \/>\n<link rel=\"canonical\" href=\"https:\/\/pete-ai.com\/de\/kontakt\/\" \/>\n<meta property=\"og:locale\" content=\"de_DE\" \/>\n<meta property=\"og:type\" content=\"article\" \/>\n<meta property=\"og:title\" content=\"Kontakt - Team PETE kennenlernen\" \/>\n<meta property=\"og:description\" content=\"Jetzt Kontakt aufnehmen! Lassen Sie uns gemeinsam herausfinden, wie PETE Ihr IT-Service-Management revolutionieren kann.\" \/>\n<meta property=\"og:url\" content=\"https:\/\/pete-ai.com\/de\/kontakt\/\" \/>\n<meta property=\"og:site_name\" content=\"Pete AI\" \/>\n<meta property=\"article:modified_time\" content=\"2024-10-16T11:10:01+00:00\" \/>\n<meta name=\"twitter:card\" content=\"summary_large_image\" \/>\n<meta name=\"twitter:label1\" content=\"Gesch\u00e4tzte Lesezeit\" \/>\n\t<meta name=\"twitter:data1\" content=\"1\u00a0Minute\" \/>\n<script type=\"application\/ld+json\" class=\"yoast-schema-graph\">{\"@context\":\"https:\\\/\\\/schema.org\",\"@graph\":[{\"@type\":\"WebPage\",\"@id\":\"https:\\\/\\\/pete-ai.com\\\/de\\\/kontakt\\\/\",\"url\":\"https:\\\/\\\/pete-ai.com\\\/de\\\/kontakt\\\/\",\"name\":\"Kontakt - Team PETE kennenlernen\",\"isPartOf\":{\"@id\":\"https:\\\/\\\/pete-ai.com\\\/#website\"},\"datePublished\":\"2024-09-30T07:34:47+00:00\",\"dateModified\":\"2024-10-16T11:10:01+00:00\",\"description\":\"Jetzt Kontakt aufnehmen! Lassen Sie uns gemeinsam herausfinden, wie PETE Ihr IT-Service-Management revolutionieren kann.\",\"breadcrumb\":{\"@id\":\"https:\\\/\\\/pete-ai.com\\\/de\\\/kontakt\\\/#breadcrumb\"},\"inLanguage\":\"de\",\"potentialAction\":[{\"@type\":\"ReadAction\",\"target\":[\"https:\\\/\\\/pete-ai.com\\\/de\\\/kontakt\\\/\"]}]},{\"@type\":\"BreadcrumbList\",\"@id\":\"https:\\\/\\\/pete-ai.com\\\/de\\\/kontakt\\\/#breadcrumb\",\"itemListElement\":[{\"@type\":\"ListItem\",\"position\":1,\"name\":\"Startseite\",\"item\":\"https:\\\/\\\/pete-ai.com\\\/de\\\/\"},{\"@type\":\"ListItem\",\"position\":2,\"name\":\"Kontakt\"}]},{\"@type\":\"WebSite\",\"@id\":\"https:\\\/\\\/pete-ai.com\\\/#website\",\"url\":\"https:\\\/\\\/pete-ai.com\\\/\",\"name\":\"Pete AI\",\"description\":\"\",\"publisher\":{\"@id\":\"https:\\\/\\\/pete-ai.com\\\/#organization\"},\"potentialAction\":[{\"@type\":\"SearchAction\",\"target\":{\"@type\":\"EntryPoint\",\"urlTemplate\":\"https:\\\/\\\/pete-ai.com\\\/?s={search_term_string}\"},\"query-input\":{\"@type\":\"PropertyValueSpecification\",\"valueRequired\":true,\"valueName\":\"search_term_string\"}}],\"inLanguage\":\"de\"},{\"@type\":\"Organization\",\"@id\":\"https:\\\/\\\/pete-ai.com\\\/#organization\",\"name\":\"Pete AI\",\"url\":\"https:\\\/\\\/pete-ai.com\\\/\",\"logo\":{\"@type\":\"ImageObject\",\"inLanguage\":\"de\",\"@id\":\"https:\\\/\\\/pete-ai.com\\\/#\\\/schema\\\/logo\\\/image\\\/\",\"url\":\"https:\\\/\\\/pete-ai.com\\\/wp-content\\\/uploads\\\/2024\\\/09\\\/pete.svg\",\"contentUrl\":\"https:\\\/\\\/pete-ai.com\\\/wp-content\\\/uploads\\\/2024\\\/09\\\/pete.svg\",\"caption\":\"Pete AI\"},\"image\":{\"@id\":\"https:\\\/\\\/pete-ai.com\\\/#\\\/schema\\\/logo\\\/image\\\/\"}}]}<\/script>\n<!-- \/ Yoast SEO plugin. -->","yoast_head_json":{"title":"Kontakt - Team PETE kennenlernen","description":"Jetzt Kontakt aufnehmen! Lassen Sie uns gemeinsam herausfinden, wie PETE Ihr IT-Service-Management revolutionieren kann.","robots":{"index":"index","follow":"follow","max-snippet":"max-snippet:-1","max-image-preview":"max-image-preview:large","max-video-preview":"max-video-preview:-1"},"canonical":"https:\/\/pete-ai.com\/de\/kontakt\/","og_locale":"de_DE","og_type":"article","og_title":"Kontakt - Team PETE kennenlernen","og_description":"Jetzt Kontakt aufnehmen! Lassen Sie uns gemeinsam herausfinden, wie PETE Ihr IT-Service-Management revolutionieren kann.","og_url":"https:\/\/pete-ai.com\/de\/kontakt\/","og_site_name":"Pete AI","article_modified_time":"2024-10-16T11:10:01+00:00","twitter_card":"summary_large_image","twitter_misc":{"Gesch\u00e4tzte Lesezeit":"1\u00a0Minute"},"schema":{"@context":"https:\/\/schema.org","@graph":[{"@type":"WebPage","@id":"https:\/\/pete-ai.com\/de\/kontakt\/","url":"https:\/\/pete-ai.com\/de\/kontakt\/","name":"Kontakt - Team PETE kennenlernen","isPartOf":{"@id":"https:\/\/pete-ai.com\/#website"},"datePublished":"2024-09-30T07:34:47+00:00","dateModified":"2024-10-16T11:10:01+00:00","description":"Jetzt Kontakt aufnehmen! Lassen Sie uns gemeinsam herausfinden, wie PETE Ihr IT-Service-Management revolutionieren kann.","breadcrumb":{"@id":"https:\/\/pete-ai.com\/de\/kontakt\/#breadcrumb"},"inLanguage":"de","potentialAction":[{"@type":"ReadAction","target":["https:\/\/pete-ai.com\/de\/kontakt\/"]}]},{"@type":"BreadcrumbList","@id":"https:\/\/pete-ai.com\/de\/kontakt\/#breadcrumb","itemListElement":[{"@type":"ListItem","position":1,"name":"Startseite","item":"https:\/\/pete-ai.com\/de\/"},{"@type":"ListItem","position":2,"name":"Kontakt"}]},{"@type":"WebSite","@id":"https:\/\/pete-ai.com\/#website","url":"https:\/\/pete-ai.com\/","name":"Pete AI","description":"","publisher":{"@id":"https:\/\/pete-ai.com\/#organization"},"potentialAction":[{"@type":"SearchAction","target":{"@type":"EntryPoint","urlTemplate":"https:\/\/pete-ai.com\/?s={search_term_string}"},"query-input":{"@type":"PropertyValueSpecification","valueRequired":true,"valueName":"search_term_string"}}],"inLanguage":"de"},{"@type":"Organization","@id":"https:\/\/pete-ai.com\/#organization","name":"Pete AI","url":"https:\/\/pete-ai.com\/","logo":{"@type":"ImageObject","inLanguage":"de","@id":"https:\/\/pete-ai.com\/#\/schema\/logo\/image\/","url":"https:\/\/pete-ai.com\/wp-content\/uploads\/2024\/09\/pete.svg","contentUrl":"https:\/\/pete-ai.com\/wp-content\/uploads\/2024\/09\/pete.svg","caption":"Pete AI"},"image":{"@id":"https:\/\/pete-ai.com\/#\/schema\/logo\/image\/"}}]}},"_links":{"self":[{"href":"https:\/\/pete-ai.com\/de\/wp-json\/wp\/v2\/pages\/665","targetHints":{"allow":["GET"]}}],"collection":[{"href":"https:\/\/pete-ai.com\/de\/wp-json\/wp\/v2\/pages"}],"about":[{"href":"https:\/\/pete-ai.com\/de\/wp-json\/wp\/v2\/types\/page"}],"author":[{"embeddable":true,"href":"https:\/\/pete-ai.com\/de\/wp-json\/wp\/v2\/users\/2"}],"replies":[{"embeddable":true,"href":"https:\/\/pete-ai.com\/de\/wp-json\/wp\/v2\/comments?post=665"}],"version-history":[{"count":11,"href":"https:\/\/pete-ai.com\/de\/wp-json\/wp\/v2\/pages\/665\/revisions"}],"predecessor-version":[{"id":1781,"href":"https:\/\/pete-ai.com\/de\/wp-json\/wp\/v2\/pages\/665\/revisions\/1781"}],"wp:attachment":[{"href":"https:\/\/pete-ai.com\/de\/wp-json\/wp\/v2\/media?parent=665"}],"curies":[{"name":"wp","href":"https:\/\/api.w.org\/{rel}","templated":true}]}}