{"id":3184,"date":"2026-04-17T09:52:58","date_gmt":"2026-04-17T07:52:58","guid":{"rendered":"https:\/\/pete-ai.com\/?page_id=3184"},"modified":"2026-04-17T09:52:59","modified_gmt":"2026-04-17T07:52:59","slug":"ueber-pia","status":"publish","type":"page","link":"https:\/\/pete-ai.com\/de\/ueber-pia\/","title":{"rendered":"\u00dcber Pia"},"content":{"rendered":" <div class=\"block block--text-image-grid   margin-bottom--huge\" id=\"block_ba9ea3202fdd5094472d671beb037524\" data-id=\"\">\n\n\n \t\n\n\t<div class=\"container normal js-fade js-fade-in\">\n\n\t\t<div class=\"flex flexgrid--gutter flex--middle flex--wrap img--rechts\">\n\n\t\t\t<div class=\"flex__item one-half md-one-whole md-margin-bottom\">\n\n\t\t\t\t\n\t\t\t\t\t<img decoding=\"async\" src=\"https:\/\/pete-ai.com\/wp-content\/uploads\/2026\/04\/pia-fly-800x533.png\"\n\t\t\t\t\t\tsrcset=\"https:\/\/pete-ai.com\/wp-content\/uploads\/2026\/04\/pia-fly.png 1600w,\n\t\t\t\t\t\t\t\thttps:\/\/pete-ai.com\/wp-content\/uploads\/2026\/04\/pia-fly-1400x933.png 1400w,\n\t\t\t\t\t\t\t\thttps:\/\/pete-ai.com\/wp-content\/uploads\/2026\/04\/pia-fly-1200x800.png 1200w,\n\t\t\t\t\t\t\t\thttps:\/\/pete-ai.com\/wp-content\/uploads\/2026\/04\/pia-fly-1024x683.png 1024w,\n\t\t\t\t\t\t\t\thttps:\/\/pete-ai.com\/wp-content\/uploads\/2026\/04\/pia-fly-800x533.png 800w,\n\t\t\t\t\t\t\t\thttps:\/\/pete-ai.com\/wp-content\/uploads\/2026\/04\/pia-fly-680x453.png 680w,\n\t\t\t\t\t\t\t\thttps:\/\/pete-ai.com\/wp-content\/uploads\/2026\/04\/pia-fly-500x333.png 500w\" \n\t\t\t\t\t\tsizes=\"(min-width:1561px) 760px, (min-width:841px) and (max-width:1560px) 48vw, 94vw\" \n\t\t\t\t\t\tloading=\"lazy\"\n\t\t\t\t\t\t\t\t\t\t\t\t\t\t\t\t\t\t\twidth=\"1536\" height=\"1024\"\n\t\t\t\t\t\t\t\t\t\t\t\talt=\"\">\n\n\t\t\t\t\n\t\t\t<\/div>\n\n\t\t\t<div class=\"flex__item one-half md-one-whole md-margin-bottom\">\n\n\t\t\t\t<div class=\"inner\">\n\t\t\t\t\t\n\t\t\t\t\t<h1>So funktioniert der <span class=\"text--green\">PIA Sprint<\/span><\/h1>\n<p>PIA ist bewusst einfach aufgebaut. In wenigen Wochen entsteht aus Vermutungen eine belastbare Entscheidungsgrundlage.<\/p>\n\n\t\t\t\t\t\n\t\t\t\t\t\n\t\t            \t<div class=\"padding-top--small\">\n\t\t            \t\t<a href=\"https:\/\/pete-ai.com\/de\/kontakt\/\" target=\"_self\" class=\"btn btn--green\">\n\t\t            \t\t\tPia testen\t\t            \t\t<\/a>\n\t\t            \t<\/div>\n\n\t\t            \n\t\t\t\t<\/div>\n\t\t\t\n\t\t\t<\/div>\n\n\t\t<\/div>\n\n\t<\/div>\n\n<\/div>\n\n <div class=\"block block--icon-info-grid special-steps margin-bottom--huge\" id=\"block_e5d29f00f927c380899162cd9fd61a10\" data-id=\"\">\n\n\n\t<div class=\"container normal js-fade js-fade-in\">\n\n\t\t\n\t\t<div class=\"flex flexgrid--gutter flex--center flex--wrap text--center links \">\n\n\t\t\t\n\t\t\t\t\n\t\t\t\t\t<div class=\"flex__item one-half md-one-half sm-one-whole margin-bottom\">\n\n\t\t\t\t\t\t<div class=\"border-block\">\n\n\t\t\t\t\t\t\t<div class=\"img-con\">\n\t\t\t\t\t\t\t\t\n\t\t\t\t\t\t\t\t<img decoding=\"async\" src=\"https:\/\/pete-ai.com\/wp-content\/uploads\/2024\/09\/PETE-benefit-Autonomie.svg\"\n\t\t\t\t\t\t\t\t\tsrcset=\"https:\/\/pete-ai.com\/wp-content\/uploads\/2024\/09\/PETE-benefit-Autonomie.svg 2x,\n\t\t\t\t\t\t\t\t\t\t\thttps:\/\/pete-ai.com\/wp-content\/uploads\/2024\/09\/PETE-benefit-Autonomie.svg 1x\" \n\t\t\t \t\t\t\t\t\tloading=\"lazy\" alt=\"1 Discovery Session.\">\n\n\n\t\t\t\t\t\t\t\t\t\t\t\t\t\t\t<\/div>\n\n\t\t\t\t\t\t\t<h4>1 Discovery Session.<\/h4>\n\t\t\t\t\t\t\t<p>In einem digitalen Workshop mit mehreren Stakeholdern aus Deiner Organisation schauen wir gemeinsam auf Eure gr\u00f6\u00dften Pain Points. Wir sammeln Hypothesen zu typischen Ticketmustern, zu Reibungsverlusten in Prozessen und zu Situationen, in denen Eure Servicequalit\u00e4t leidet. Dabei geht es nicht um Schuldfragen, sondern um ein gemeinsames Verst\u00e4ndnis. Am Ende dieser Session ist klar, worauf sich die Analyse fokussieren soll und woran Ihr den Erfolg von PIA messen wollt.<\/p>\n\t\t\t\t\t\t<\/div>\n\n\t\t\t\t\t<\/div>\n\n\t\t\t\t\n\t\t\t\t\t<div class=\"flex__item one-half md-one-half sm-one-whole margin-bottom\">\n\n\t\t\t\t\t\t<div class=\"border-block\">\n\n\t\t\t\t\t\t\t<div class=\"img-con\">\n\t\t\t\t\t\t\t\t\n\t\t\t\t\t\t\t\t<img decoding=\"async\" src=\"https:\/\/pete-ai.com\/wp-content\/uploads\/2024\/09\/PETE-benefit-Prozessoptimierung.svg\"\n\t\t\t\t\t\t\t\t\tsrcset=\"https:\/\/pete-ai.com\/wp-content\/uploads\/2024\/09\/PETE-benefit-Prozessoptimierung.svg 2x,\n\t\t\t\t\t\t\t\t\t\t\thttps:\/\/pete-ai.com\/wp-content\/uploads\/2024\/09\/PETE-benefit-Prozessoptimierung.svg 1x\" \n\t\t\t \t\t\t\t\t\tloading=\"lazy\" alt=\"2 Darauf folgt die datenbasierte Analyse mit PETE. \">\n\n\n\t\t\t\t\t\t\t\t\t\t\t\t\t\t\t<\/div>\n\n\t\t\t\t\t\t\t<h4>2 Darauf folgt die datenbasierte Analyse mit PETE. <\/h4>\n\t\t\t\t\t\t\t<p>Auf Basis Eurer Ticketdaten untersucht PETE Prozessqualit\u00e4t, vermeidbare Aufw\u00e4nde, ung\u00fcnstige Muster und Leistungsunterschiede zwischen Teams oder Providern. Hypothesen aus dem Workshop werden statistisch \u00fcberpr\u00fcft. Gleichzeitig werden Automatisierungspotenziale sichtbar und konkrete Optimierungsfelder quantifiziert. Aus dieser Phase entsteht ein Report, der nicht nur Probleme beschreibt, sondern ihre Auswirkungen auf Zeit, Kosten und Serviceleistung verst\u00e4ndlich macht.<\/p>\n\t\t\t\t\t\t<\/div>\n\n\t\t\t\t\t<\/div>\n\n\t\t\t\t\n\t\t\t\t\t<div class=\"flex__item one-half md-one-half sm-one-whole margin-bottom\">\n\n\t\t\t\t\t\t<div class=\"border-block\">\n\n\t\t\t\t\t\t\t<div class=\"img-con\">\n\t\t\t\t\t\t\t\t\n\t\t\t\t\t\t\t\t<img decoding=\"async\" src=\"https:\/\/pete-ai.com\/wp-content\/uploads\/2024\/09\/PETE-benefit-Genial-einfach.svg\"\n\t\t\t\t\t\t\t\t\tsrcset=\"https:\/\/pete-ai.com\/wp-content\/uploads\/2024\/09\/PETE-benefit-Genial-einfach.svg 2x,\n\t\t\t\t\t\t\t\t\t\t\thttps:\/\/pete-ai.com\/wp-content\/uploads\/2024\/09\/PETE-benefit-Genial-einfach.svg 1x\" \n\t\t\t \t\t\t\t\t\tloading=\"lazy\" alt=\"3 Decision Lab.\">\n\n\n\t\t\t\t\t\t\t\t\t\t\t\t\t\t\t<\/div>\n\n\t\t\t\t\t\t\t<h4>3 Decision Lab.<\/h4>\n\t\t\t\t\t\t\t<p>In einem intensiven Workshop entscheidet Ihr gemeinsam mit unseren Consultants, welche Ma\u00dfnahmen Ihr wirklich umsetzen wollt. Priorit\u00e4ten werden gesetzt. Verantwortlichkeiten gekl\u00e4rt. N\u00e4chste Schritte verbindlich festgelegt.\u2028PIA endet nicht mit einer Analyse, sondern mit Eurer Handlungsf\u00e4higkeit.<\/p>\n\t\t\t\t\t\t<\/div>\n\n\t\t\t\t\t<\/div>\n\n\t\t\t\t\n\t\t\t\n\t\t<\/div>\n\n\t\t\n\t<\/div>\n\t\n\t\t<style type=\"text\/css\">\n\t\t\t.special-steps {\n\t\t\t\t.border-block {\n\t\t\t\t\twidth:60%;\n\t\t\t\t}\n\t\t\t\t.one-half {\n\t\t\t\t\twidth:100%;\n\t\t\t\t}\n\t\t\t\t.one-half:nth-child(2) .border-block {\n\t\t\t\t\tmargin-left:20%;\n\t\t\t\t}\n\t\t\t\t.one-half:nth-child(3) .border-block {\n\t\t\t\t\tmargin-left:40%;\n\t\t\t\t}\n\t\t\t}\n\t\t\t@media (max-width:1100px) {\n\t\t\t\t.special-steps {\n\t\t\t\t\t.border-block {\n\t\t\t\t\t\twidth:80%;\n\t\t\t\t\t}\n\t\t\t\t\t.one-half:nth-child(2) .border-block {\n\t\t\t\t\t\tmargin-left:10%;\n\t\t\t\t\t}\n\t\t\t\t\t.one-half:nth-child(3) .border-block {\n\t\t\t\t\t\tmargin-left:20%;\n\t\t\t\t\t}\n\t\t\t\t}\n\t\t\t}\n\t\t\t@media (max-width:640px) {\n\t\t\t\t.special-steps {\n\t\t\t\t\t.border-block {\n\t\t\t\t\t\twidth:100%;\n\t\t\t\t\t}\n\t\t\t\t\t.one-half:nth-child(2) .border-block {\n\t\t\t\t\t\tmargin-left:0;\n\t\t\t\t\t}\n\t\t\t\t\t.one-half:nth-child(3) .border-block {\n\t\t\t\t\t\tmargin-left:0;\n\t\t\t\t\t}\n\t\t\t\t}\n\t\t\t}\n\t\t<\/style>\n\t<\/div>\n\n <div class=\"block block--text-image-grid   margin-bottom--huge\" id=\"block_7cd27c33e761b29d4952fd2545a18bb1\" data-id=\"\">\n\n\n \t\n\n\t<div class=\"container normal js-fade js-fade-in\">\n\n\t\t<div class=\"flex flexgrid--gutter flex--middle flex--wrap img--rechts\">\n\n\t\t\t<div class=\"flex__item one-half md-one-whole md-margin-bottom\">\n\n\t\t\t\t\n\t\t\t\t\t<img decoding=\"async\" src=\"https:\/\/pete-ai.com\/wp-content\/uploads\/2026\/04\/pia-wider-800x766.png\"\n\t\t\t\t\t\tsrcset=\"https:\/\/pete-ai.com\/wp-content\/uploads\/2026\/04\/pia-wider.png 1600w,\n\t\t\t\t\t\t\t\thttps:\/\/pete-ai.com\/wp-content\/uploads\/2026\/04\/pia-wider-1400x1340.png 1400w,\n\t\t\t\t\t\t\t\thttps:\/\/pete-ai.com\/wp-content\/uploads\/2026\/04\/pia-wider-1200x1149.png 1200w,\n\t\t\t\t\t\t\t\thttps:\/\/pete-ai.com\/wp-content\/uploads\/2026\/04\/pia-wider-1024x980.png 1024w,\n\t\t\t\t\t\t\t\thttps:\/\/pete-ai.com\/wp-content\/uploads\/2026\/04\/pia-wider-800x766.png 800w,\n\t\t\t\t\t\t\t\thttps:\/\/pete-ai.com\/wp-content\/uploads\/2026\/04\/pia-wider-680x651.png 680w,\n\t\t\t\t\t\t\t\thttps:\/\/pete-ai.com\/wp-content\/uploads\/2026\/04\/pia-wider-500x479.png 500w\" \n\t\t\t\t\t\tsizes=\"(min-width:1561px) 760px, (min-width:841px) and (max-width:1560px) 48vw, 94vw\" \n\t\t\t\t\t\tloading=\"lazy\"\n\t\t\t\t\t\t\t\t\t\t\t\t\t\t\t\t\t\t\twidth=\"1500\" height=\"1436\"\n\t\t\t\t\t\t\t\t\t\t\t\talt=\"\">\n\n\t\t\t\t\n\t\t\t<\/div>\n\n\t\t\t<div class=\"flex__item one-half md-one-whole md-margin-bottom\">\n\n\t\t\t\t<div class=\"inner\">\n\t\t\t\t\t\n\t\t\t\t\t<h2>Warum Unternehmen <span class=\"text--green\">PIA<\/span> nutzen<\/h2>\n<p><strong>PIA macht aus Betroffenen Beteiligte.<\/strong><\/p>\n<p>Viele Organisationen stehen unter Druck. Neue IT-Leitungen wollen schnell Wirkung zeigen. Audits stehen an. Provider liefern nicht die erwartete Qualit\u00e4t. Budgets m\u00fcssen gek\u00fcrzt werden, ohne dass Services schlechter werden.<\/p>\n<p>In solchen Situationen fehlt oft die Zeit f\u00fcr lange Analysen oder Maturity-Assessment. Gleichzeitig reicht Bauchgef\u00fchl nicht mehr aus, um Entscheidungen zu treffen.<br \/>\nPIA schafft hier die Quadratur des Kreises: Der Sprint ist kurz, strukturiert und datenbasiert. Eure Serviceorganisation wird kaum belastet, weil keine endlosen Interviews gef\u00fchrt werden m\u00fcssen. Statt subjektiver Einsch\u00e4tzungen entsteht eine objektive Grundlage. Und weil Stakeholder aktiv eingebunden sind, werden Betroffene zu Beteiligten.<\/p>\n<p>Das Ergebnis ist Tempo. Und trotzdem k\u00f6nnen Entscheidungen fundiert getroffen werden.<\/p>\n\n\t\t\t\t\t\n\t\t\t\t\t\n\t\t            \t<div class=\"padding-top--small\">\n\t\t            \t\t<a href=\"https:\/\/pete-ai.com\/de\/kontakt\/\" target=\"_self\" class=\"btn btn--green\">\n\t\t            \t\t\tPia testen\t\t            \t\t<\/a>\n\t\t            \t<\/div>\n\n\t\t            \n\t\t\t\t<\/div>\n\t\t\t\n\t\t\t<\/div>\n\n\t\t<\/div>\n\n\t<\/div>\n\n<\/div>\n\n <div class=\"block block--text-image-grid   margin-bottom--huge\" id=\"block_16a07433402ded4647f776d4663950bb\" data-id=\"\">\n\n\n \t\n\n\t<div class=\"container normal js-fade js-fade-in\">\n\n\t\t<div class=\"flex flexgrid--gutter flex--middle flex--wrap img--links\">\n\n\t\t\t<div class=\"flex__item one-half md-one-whole md-margin-bottom\">\n\n\t\t\t\t\n\t\t\t\t\t<img decoding=\"async\" src=\"https:\/\/pete-ai.com\/wp-content\/uploads\/2026\/04\/PETE-und-PIA-800x738.png\"\n\t\t\t\t\t\tsrcset=\"https:\/\/pete-ai.com\/wp-content\/uploads\/2026\/04\/PETE-und-PIA.png 1600w,\n\t\t\t\t\t\t\t\thttps:\/\/pete-ai.com\/wp-content\/uploads\/2026\/04\/PETE-und-PIA.png 1400w,\n\t\t\t\t\t\t\t\thttps:\/\/pete-ai.com\/wp-content\/uploads\/2026\/04\/PETE-und-PIA.png 1200w,\n\t\t\t\t\t\t\t\thttps:\/\/pete-ai.com\/wp-content\/uploads\/2026\/04\/PETE-und-PIA-1024x945.png 1024w,\n\t\t\t\t\t\t\t\thttps:\/\/pete-ai.com\/wp-content\/uploads\/2026\/04\/PETE-und-PIA-800x738.png 800w,\n\t\t\t\t\t\t\t\thttps:\/\/pete-ai.com\/wp-content\/uploads\/2026\/04\/PETE-und-PIA-680x627.png 680w,\n\t\t\t\t\t\t\t\thttps:\/\/pete-ai.com\/wp-content\/uploads\/2026\/04\/PETE-und-PIA-500x461.png 500w\" \n\t\t\t\t\t\tsizes=\"(min-width:1561px) 760px, (min-width:841px) and (max-width:1560px) 48vw, 94vw\" \n\t\t\t\t\t\tloading=\"lazy\"\n\t\t\t\t\t\t\t\t\t\t\t\t\t\t\t\t\t\t\twidth=\"1110\" height=\"1024\"\n\t\t\t\t\t\t\t\t\t\t\t\talt=\"\">\n\n\t\t\t\t\n\t\t\t<\/div>\n\n\t\t\t<div class=\"flex__item one-half md-one-whole md-margin-bottom\">\n\n\t\t\t\t<div class=\"inner\">\n\t\t\t\t\t\n\t\t\t\t\t<h2><span class=\"text--green\">PIA<\/span> als Einstieg in <span class=\"text--green\">PETE<\/span><\/h2>\n<p><strong>PIA ist mehr als ein Assessment. Es ist der einfachste Einstieg in die Arbeit mit PETE.<\/strong><\/p>\n<p>W\u00e4hrend klassische Analysen oft abstrakt bleiben, erleben Teams im PIA-Sprint direkt, wie datenbasierte Prozesssteuerung funktioniert. Sie sehen reale Muster in ihren Tickets. Sie verstehen Zusammenh\u00e4nge. Sie erkennen, wo Verbesserungen m\u00f6glich sind und wie sich deren Wirkung messen l\u00e4sst.<\/p>\n<p>Viele Unternehmen entscheiden sich danach daf\u00fcr, PETE dauerhaft einzusetzen. Nicht weil sie m\u00fcssen. Sondern weil sie merken, wie viel leichter Steuerung wird, wenn Transparenz einmal geschaffen ist.<\/p>\n<p>Gleichzeitig ist PIA auch f\u00fcr Organisationen sinnvoll, die zun\u00e4chst nur Orientierung brauchen. Wer konkrete Ma\u00dfnahmen ableiten m\u00f6chte, ohne direkt ein neues System einzuf\u00fchren, bekommt mit PIA genau den richtigen Rahmen.<\/p>\n\n\t\t\t\t\t\n\t\t\t\t\t\n\t\t            \t<div class=\"padding-top--small\">\n\t\t            \t\t<a href=\"https:\/\/pete-ai.com\/de\/ueber-uns-it-experten\/\" target=\"_self\" class=\"btn btn--green\">\n\t\t            \t\t\t\u00dcber uns\t\t            \t\t<\/a>\n\t\t            \t<\/div>\n\n\t\t            \n\t\t\t\t<\/div>\n\t\t\t\n\t\t\t<\/div>\n\n\t\t<\/div>\n\n\t<\/div>\n\n<\/div>\n\n <div class=\"block block--features  margin-bottom--big\" id=\"block_12369460ee30982f5eb73587ecb7b59e\" data-id=\"\">\n\n\n\t<div class=\"js-fade js-fade-in\">\n\n\t\t<div class=\"bg relative\">\n\n\t\t\t\n\t\t\t<div class=\"container relative\">\n\n\t\t\t\t<div class=\"margin-bottom text--center\">\n\t\t\t\t\t<h2>F\u00fcr wen PIA besonders sinnvoll ist<\/h2>\n\t\t\t\t<\/div>\n\n\t\t\t\t<div class=\"flex flexgrid--gutter flex--center flex--wrap\">\n\n\t\t\t\t\t\n\t\t\t\t\t\t\n\t\t\t\t\t\t\t<div class=\"flex__item one-third lg-one-half sm-one-whole\">\n\n\t\t\t\t\t\t\t\t\n\t\t\t\t\t\t\t\t\t<div class=\"white-box\">\n\t\t\t\t\t\t\t\t\t\t<h3><\/h3>\n\n\t\t\t\t\t\t\t\t\t\t<ul class=\"checklist\">\n\n\t\t\t\t\t\t\t\t\t\t\t<li><strong>PIA richtet sich an IT-Organisationen, die schnell Klarheit brauchen. An CIOs und Service-Verantwortliche, die unter Erwartungsdruck stehen. An Teams, die sp\u00fcren, dass ihre Prozesse nicht optimal laufen, aber noch keinen klaren Ansatzpunkt haben.<\/strong><\/li><li><strong>\r\n<\/strong><\/li>\n\t\t\t\t\t\t\t\t\t\t<\/ul>\n\t\t\t\t\t\t\t\t\t<\/div>\n\n\t\t\t\t\t\t\t\t\n\t\t\t\t\t\t\t<\/div>\n\n\t\t\t\t\t\t\n\t\t\t\t\t\t\t<div class=\"flex__item one-third lg-one-half sm-one-whole\">\n\n\t\t\t\t\t\t\t\t\n\t\t\t\t\t\t\t\t\t<div class=\"white-box\">\n\t\t\t\t\t\t\t\t\t\t<h3><\/h3>\n\n\t\t\t\t\t\t\t\t\t\t<ul class=\"checklist\">\n\n\t\t\t\t\t\t\t\t\t\t\t<li><strong>Auch bei Tool-Wechseln, SLA- und Provider-Diskussionen oder Eskalationen aus dem Business hilft PIA, die Diskussion wieder auf Fakten zu lenken.<\/strong><\/li>\n\t\t\t\t\t\t\t\t\t\t<\/ul>\n\t\t\t\t\t\t\t\t\t<\/div>\n\n\t\t\t\t\t\t\t\t\n\t\t\t\t\t\t\t<\/div>\n\n\t\t\t\t\t\t\n\t\t\t\t\t\t\t<div class=\"flex__item one-third lg-one-half sm-one-whole\">\n\n\t\t\t\t\t\t\t\t\n\t\t\t\t\t\t\t\t\t<div class=\"white-box\">\n\t\t\t\t\t\t\t\t\t\t<h3><\/h3>\n\n\t\t\t\t\t\t\t\t\t\t<ul class=\"checklist\">\n\n\t\t\t\t\t\t\t\t\t\t\t<li><strong>Kurz gesagt:\u2028 Wenn Tempo und Pr\u00e4zision gefragt sind, ist PIA der richtige Schritt.<\/strong><\/li>\n\t\t\t\t\t\t\t\t\t\t<\/ul>\n\t\t\t\t\t\t\t\t\t<\/div>\n\n\t\t\t\t\t\t\t\t\n\t\t\t\t\t\t\t<\/div>\n\n\t\t\t\t\t\t\n\t\t\t\t\t\n\t\t\t\t<\/div>\n\n\t\t\t<\/div>\n\n\t\t<\/div>\n\t\t\n\t<\/div>\n\n<\/div>","protected":false},"excerpt":{"rendered":"","protected":false},"author":1,"featured_media":0,"parent":0,"menu_order":0,"comment_status":"closed","ping_status":"closed","template":"","meta":{"_acf_changed":false,"footnotes":""},"class_list":["post-3184","page","type-page","status-publish","hentry"],"acf":[],"yoast_head":"<!-- This site is optimized with the Yoast SEO plugin v27.4 - https:\/\/yoast.com\/product\/yoast-seo-wordpress\/ -->\n<title>\u00dcber Pia - Pete AI<\/title>\n<meta name=\"robots\" content=\"index, follow, max-snippet:-1, max-image-preview:large, max-video-preview:-1\" \/>\n<link rel=\"canonical\" href=\"https:\/\/pete-ai.com\/de\/ueber-pia\/\" \/>\n<meta property=\"og:locale\" content=\"de_DE\" \/>\n<meta property=\"og:type\" content=\"article\" \/>\n<meta property=\"og:title\" content=\"\u00dcber Pia - Pete AI\" \/>\n<meta property=\"og:url\" content=\"https:\/\/pete-ai.com\/de\/ueber-pia\/\" \/>\n<meta property=\"og:site_name\" content=\"Pete AI\" \/>\n<meta property=\"article:modified_time\" content=\"2026-04-17T07:52:59+00:00\" \/>\n<meta name=\"twitter:card\" content=\"summary_large_image\" \/>\n<meta name=\"twitter:label1\" content=\"Gesch\u00e4tzte Lesezeit\" \/>\n\t<meta name=\"twitter:data1\" content=\"4\u00a0Minuten\" \/>\n<script type=\"application\/ld+json\" class=\"yoast-schema-graph\">{\"@context\":\"https:\\\/\\\/schema.org\",\"@graph\":[{\"@type\":\"WebPage\",\"@id\":\"https:\\\/\\\/pete-ai.com\\\/de\\\/ueber-pia\\\/\",\"url\":\"https:\\\/\\\/pete-ai.com\\\/de\\\/ueber-pia\\\/\",\"name\":\"\u00dcber Pia - Pete AI\",\"isPartOf\":{\"@id\":\"https:\\\/\\\/pete-ai.com\\\/#website\"},\"datePublished\":\"2026-04-17T07:52:58+00:00\",\"dateModified\":\"2026-04-17T07:52:59+00:00\",\"breadcrumb\":{\"@id\":\"https:\\\/\\\/pete-ai.com\\\/de\\\/ueber-pia\\\/#breadcrumb\"},\"inLanguage\":\"de\",\"potentialAction\":[{\"@type\":\"ReadAction\",\"target\":[\"https:\\\/\\\/pete-ai.com\\\/de\\\/ueber-pia\\\/\"]}]},{\"@type\":\"BreadcrumbList\",\"@id\":\"https:\\\/\\\/pete-ai.com\\\/de\\\/ueber-pia\\\/#breadcrumb\",\"itemListElement\":[{\"@type\":\"ListItem\",\"position\":1,\"name\":\"Startseite\",\"item\":\"https:\\\/\\\/pete-ai.com\\\/de\\\/\"},{\"@type\":\"ListItem\",\"position\":2,\"name\":\"\u00dcber Pia\"}]},{\"@type\":\"WebSite\",\"@id\":\"https:\\\/\\\/pete-ai.com\\\/#website\",\"url\":\"https:\\\/\\\/pete-ai.com\\\/\",\"name\":\"Pete AI\",\"description\":\"\",\"publisher\":{\"@id\":\"https:\\\/\\\/pete-ai.com\\\/#organization\"},\"potentialAction\":[{\"@type\":\"SearchAction\",\"target\":{\"@type\":\"EntryPoint\",\"urlTemplate\":\"https:\\\/\\\/pete-ai.com\\\/?s={search_term_string}\"},\"query-input\":{\"@type\":\"PropertyValueSpecification\",\"valueRequired\":true,\"valueName\":\"search_term_string\"}}],\"inLanguage\":\"de\"},{\"@type\":\"Organization\",\"@id\":\"https:\\\/\\\/pete-ai.com\\\/#organization\",\"name\":\"Pete AI\",\"url\":\"https:\\\/\\\/pete-ai.com\\\/\",\"logo\":{\"@type\":\"ImageObject\",\"inLanguage\":\"de\",\"@id\":\"https:\\\/\\\/pete-ai.com\\\/#\\\/schema\\\/logo\\\/image\\\/\",\"url\":\"https:\\\/\\\/pete-ai.com\\\/wp-content\\\/uploads\\\/2024\\\/09\\\/pete.svg\",\"contentUrl\":\"https:\\\/\\\/pete-ai.com\\\/wp-content\\\/uploads\\\/2024\\\/09\\\/pete.svg\",\"caption\":\"Pete AI\"},\"image\":{\"@id\":\"https:\\\/\\\/pete-ai.com\\\/#\\\/schema\\\/logo\\\/image\\\/\"}}]}<\/script>\n<!-- \/ Yoast SEO plugin. -->","yoast_head_json":{"title":"\u00dcber Pia - Pete AI","robots":{"index":"index","follow":"follow","max-snippet":"max-snippet:-1","max-image-preview":"max-image-preview:large","max-video-preview":"max-video-preview:-1"},"canonical":"https:\/\/pete-ai.com\/de\/ueber-pia\/","og_locale":"de_DE","og_type":"article","og_title":"\u00dcber Pia - Pete AI","og_url":"https:\/\/pete-ai.com\/de\/ueber-pia\/","og_site_name":"Pete AI","article_modified_time":"2026-04-17T07:52:59+00:00","twitter_card":"summary_large_image","twitter_misc":{"Gesch\u00e4tzte Lesezeit":"4\u00a0Minuten"},"schema":{"@context":"https:\/\/schema.org","@graph":[{"@type":"WebPage","@id":"https:\/\/pete-ai.com\/de\/ueber-pia\/","url":"https:\/\/pete-ai.com\/de\/ueber-pia\/","name":"\u00dcber Pia - Pete AI","isPartOf":{"@id":"https:\/\/pete-ai.com\/#website"},"datePublished":"2026-04-17T07:52:58+00:00","dateModified":"2026-04-17T07:52:59+00:00","breadcrumb":{"@id":"https:\/\/pete-ai.com\/de\/ueber-pia\/#breadcrumb"},"inLanguage":"de","potentialAction":[{"@type":"ReadAction","target":["https:\/\/pete-ai.com\/de\/ueber-pia\/"]}]},{"@type":"BreadcrumbList","@id":"https:\/\/pete-ai.com\/de\/ueber-pia\/#breadcrumb","itemListElement":[{"@type":"ListItem","position":1,"name":"Startseite","item":"https:\/\/pete-ai.com\/de\/"},{"@type":"ListItem","position":2,"name":"\u00dcber Pia"}]},{"@type":"WebSite","@id":"https:\/\/pete-ai.com\/#website","url":"https:\/\/pete-ai.com\/","name":"Pete AI","description":"","publisher":{"@id":"https:\/\/pete-ai.com\/#organization"},"potentialAction":[{"@type":"SearchAction","target":{"@type":"EntryPoint","urlTemplate":"https:\/\/pete-ai.com\/?s={search_term_string}"},"query-input":{"@type":"PropertyValueSpecification","valueRequired":true,"valueName":"search_term_string"}}],"inLanguage":"de"},{"@type":"Organization","@id":"https:\/\/pete-ai.com\/#organization","name":"Pete AI","url":"https:\/\/pete-ai.com\/","logo":{"@type":"ImageObject","inLanguage":"de","@id":"https:\/\/pete-ai.com\/#\/schema\/logo\/image\/","url":"https:\/\/pete-ai.com\/wp-content\/uploads\/2024\/09\/pete.svg","contentUrl":"https:\/\/pete-ai.com\/wp-content\/uploads\/2024\/09\/pete.svg","caption":"Pete AI"},"image":{"@id":"https:\/\/pete-ai.com\/#\/schema\/logo\/image\/"}}]}},"_links":{"self":[{"href":"https:\/\/pete-ai.com\/de\/wp-json\/wp\/v2\/pages\/3184","targetHints":{"allow":["GET"]}}],"collection":[{"href":"https:\/\/pete-ai.com\/de\/wp-json\/wp\/v2\/pages"}],"about":[{"href":"https:\/\/pete-ai.com\/de\/wp-json\/wp\/v2\/types\/page"}],"author":[{"embeddable":true,"href":"https:\/\/pete-ai.com\/de\/wp-json\/wp\/v2\/users\/1"}],"replies":[{"embeddable":true,"href":"https:\/\/pete-ai.com\/de\/wp-json\/wp\/v2\/comments?post=3184"}],"version-history":[{"count":10,"href":"https:\/\/pete-ai.com\/de\/wp-json\/wp\/v2\/pages\/3184\/revisions"}],"predecessor-version":[{"id":3249,"href":"https:\/\/pete-ai.com\/de\/wp-json\/wp\/v2\/pages\/3184\/revisions\/3249"}],"wp:attachment":[{"href":"https:\/\/pete-ai.com\/de\/wp-json\/wp\/v2\/media?parent=3184"}],"curies":[{"name":"wp","href":"https:\/\/api.w.org\/{rel}","templated":true}]}}