{"id":3,"date":"2024-09-20T07:49:43","date_gmt":"2024-09-20T07:49:43","guid":{"rendered":"http:\/\/pete-ai.hovemann-dev.net\/?page_id=3"},"modified":"2024-12-10T16:21:54","modified_gmt":"2024-12-10T15:21:54","slug":"datenschutz","status":"publish","type":"page","link":"https:\/\/pete-ai.com\/de\/datenschutz\/","title":{"rendered":"Datenschutz"},"content":{"rendered":" <div class=\"block block--text   margin-bottom--big\" id=\"block_709ac3f5a7e05ca04a6a14e5c4e311bc\" data-id=\"\">\n\n\n\t<div class=\"container normal\">\n\n\t\t<h1>Datenschutz<\/h1>\n\n\n\t\t\n\t<\/div>\n\n<\/div>\n\n<div class=\"container\">\n<h2 class=\"wp-block-heading\">1. Name und Anschrift des Verantwortlichen<\/h2>\n<\/div>\n\n<div class=\"container\">\n<p>Verantwortlicher im Sinne der Datenschutz-Grundverordnung (im Folgenden \u201eDSGVO\u201c), anderer in den Mitgliedstaaten der Europ\u00e4ischen Union geltender Datenschutzgesetze sowie sonstiger datenschutzrechtlicher Bestimmungen ist:<\/p>\n<\/div>\n\n<div class=\"container\">\n<p>PETE Technologies GmbH<br>Ringstra\u00dfe 48<br>45219 Essen<br>Deutschland<\/p>\n<\/div>\n\n<div class=\"container\">\n<p>T: +49 2054 8605480<br>E: info@pete-ai.com<\/p>\n<\/div>\n\n<div class=\"container\">\n<p><strong>2. Erhebung und Speicherung personenbezogener Daten sowie Art und Zweck von deren Verwendung<\/strong><\/p>\n<\/div>\n\n<div class=\"container\">\n<p><strong>a. Besuch unserer Website<\/strong><\/p>\n<\/div>\n\n<div class=\"container\">\n<p>Bei jedem Aufruf unserer Website \u00fcbermittelt Ihr Browser automatisch Informationen an den Server unserer Website und speichert diese vor\u00fcbergehend in sogenannten Logdateien.<\/p>\n<\/div>\n\n<div class=\"container\">\n<p><strong>Die folgenden Daten werden ohne Ihr Zutun erfasst und bis zur automatisierten L\u00f6schung gespeichert:<\/strong><\/p>\n<\/div>\n\n<div class=\"container\">\n<p>IP-Adresse<\/p>\n<\/div>\n\n<div class=\"container\">\n<p>Datum und Uhrzeit der Anfrage<\/p>\n<\/div>\n\n<div class=\"container\">\n<p>Zeitzonendifferenz zur Greenwich Mean Time (GMT)<\/p>\n<\/div>\n\n<div class=\"container\">\n<p>Inhalt der Anfrage (konkrete Seite)<\/p>\n<\/div>\n\n<div class=\"container\">\n<p>Zugriffsstatus\/HTTP-Statuscode<\/p>\n<\/div>\n\n<div class=\"container\">\n<p>Jeweils \u00fcbertragene Datenmenge<\/p>\n<\/div>\n\n<div class=\"container\">\n<p>Website, von der die Anfrage kommt<\/p>\n<\/div>\n\n<div class=\"container\">\n<p>Browser<\/p>\n<\/div>\n\n<div class=\"container\">\n<p>Betriebssystem und dessen Oberfl\u00e4che<\/p>\n<\/div>\n\n<div class=\"container\">\n<p>Sprache und Version der Browsersoftware.<\/p>\n<\/div>\n\n<div class=\"container\">\n<p>Die oben genannten Daten werden von uns zu folgenden Zwecken verarbeitet:<\/p>\n<\/div>\n\n<div class=\"container\">\n<p>Gew\u00e4hrleistung eines reibungslosen Verbindungsaufbaus der Website<\/p>\n<\/div>\n\n<div class=\"container\">\n<p>Gew\u00e4hrleistung einer komfortablen Nutzung unserer Website<\/p>\n<\/div>\n\n<div class=\"container\">\n<p>Auswertung der Systemsicherheit und -stabilit\u00e4t<\/p>\n<\/div>\n\n<div class=\"container\">\n<p>zu weiteren administrativen Zwecken.<\/p>\n<\/div>\n\n<div class=\"container\">\n<p>Rechtsgrundlage f\u00fcr die Datenverarbeitung ist Art. 6 Abs. 1 S. 1 lit. f DSGVO. Unser berechtigtes Interesse folgt aus den oben aufgelisteten Zwecken zur Datenerhebung. In keinem Fall verwenden wir die erhobenen Daten, um R\u00fcckschl\u00fcsse auf Ihre Person zu ziehen.<\/p>\n<\/div>\n\n<div class=\"container\">\n<p><\/p>\n<\/div>\n\n<div class=\"container\">\n<p><strong>b. Kontakt \u00fcber das Kontaktformular<\/strong><\/p>\n<\/div>\n\n<div class=\"container\">\n<p>Wenn Sie Fragen haben, bieten wir Ihnen die M\u00f6glichkeit, uns \u00fcber ein auf dieser Website bereitgestelltes Formular eine Nachricht zu senden.<\/p>\n<\/div>\n\n<div class=\"container\">\n<p>Dabei ist es erforderlich, Ihren Namen, Ihre E-Mail-Adresse und Ihre Telefonnummer anzugeben. Diese Informationen ben\u00f6tigen wir, um zu wissen, von wem die Anfrage stammt und um sie beantworten zu k\u00f6nnen. Weitere Angaben k\u00f6nnen freiwillig gemacht werden.<\/p>\n<\/div>\n\n<div class=\"container\">\n<p>Die Datenverarbeitung zum Zweck der Kontaktaufnahme mit uns erfolgt gem\u00e4\u00df Art. 6 Abs. 1 S. 1 lit. b DSGVO. Falls Sie zus\u00e4tzliche freiwillige Informationen bereitgestellt haben, erfolgt die Verarbeitung dieser Daten auf Grundlage Ihrer freiwillig erteilten Einwilligung (Art. 6 Abs. 1 S. 1 lit. a DSGVO). Die in diesem Zusammenhang anfallenden Daten l\u00f6schen wir, sobald die Speicherung nicht mehr erforderlich ist oder schr\u00e4nken die Verarbeitung ein, falls gesetzliche Aufbewahrungspflichten bestehen.<\/p>\n<\/div>\n\n<div class=\"container\">\n<p><strong>c. Kontakt per E-Mail<\/strong><\/p>\n<\/div>\n\n<div class=\"container\">\n<p>F\u00fcr Fragen jeglicher Art k\u00f6nnen Sie uns auch per E-Mail kontaktieren. Die Datenverarbeitung erfolgt gem\u00e4\u00df Art. 6 Abs. 1 S. 1 lit. b DSGVO. Die in diesem Zusammenhang anfallenden Daten l\u00f6schen wir, sobald die Speicherung nicht mehr erforderlich ist oder schr\u00e4nken die Verarbeitung ein, falls gesetzliche Aufbewahrungspflichten bestehen.<\/p>\n<\/div>\n\n<div class=\"container\">\n<p><strong>d. Kontakt per Telefon<\/strong><\/p>\n<\/div>\n\n<div class=\"container\">\n<p>F\u00fcr Fragen jeglicher Art k\u00f6nnen Sie uns auch telefonisch kontaktieren. Die Datenverarbeitung erfolgt gem\u00e4\u00df Art. 6 Abs. 1 S. 1 lit. b DSGVO. Die in diesem Zusammenhang anfallenden Daten l\u00f6schen wir, sobald die Speicherung nicht mehr erforderlich ist oder schr\u00e4nken die Verarbeitung ein, falls gesetzliche Aufbewahrungspflichten bestehen.<\/p>\n<\/div>\n\n<div class=\"container\">\n<p><strong>e. Cookies<\/strong><\/p>\n<\/div>\n\n<div class=\"container\">\n<p>Um mehr \u00fcber unsere Verwendung von Cookies und Ihre Wahlm\u00f6glichkeiten in Bezug auf diese Tracking-Technologien zu erfahren, verweisen wir auf unsere Cookie-Richtlinie.<\/p>\n<\/div>\n\n<div class=\"container\">\n<p><strong>f. Google Analytics<\/strong><\/p>\n<\/div>\n\n<div class=\"container\">\n<p>Sofern Sie Ihre Einwilligung durch Annahme unserer Cookie-Richtlinie erteilt haben, verwenden wir Google Analytics zur Webanalyse. Dies dient der Auswertung von Besucherstr\u00f6men und -verhalten. Die erhobenen Daten k\u00f6nnen auch zur Optimierung unserer Website verwendet werden.<\/p>\n<\/div>\n\n<div class=\"container\">\n<p>Die durch uns gesendeten und mit Cookies verkn\u00fcpften Daten werden nach 2 Monaten automatisch gel\u00f6scht. Die maximale Lebensdauer von Google Analytics-Cookies betr\u00e4gt 2 Jahre.<\/p>\n<\/div>\n\n<div class=\"container\">\n<p>Rechtsgrundlage f\u00fcr die Datenverarbeitung im Rahmen von Google Analytics ist Ihre Einwilligung gem\u00e4\u00df Art. 6 Abs. 1 S. 1 lit. a DSGVO.<\/p>\n<\/div>\n\n<div class=\"container\">\n<p><strong>g. Google Tag Manager<\/strong><\/p>\n<\/div>\n\n<div class=\"container\">\n<p>Wir verwenden den Google Tag Manager. Rechtsgrundlage ist Art. 6 Abs. 1 lit. f DSGVO. Weitere Informationen finden Sie in der Datenschutzrichtlinie von Google: https:\/\/policies.google.com\/privacy<\/p>\n<\/div>\n\n<div class=\"container\">\n<p><strong>h. Externe Inhalte<\/strong><\/p>\n<\/div>\n\n<div class=\"container\">\n<p>Wir binden externe Inhalte ein, die von den Servern des jeweiligen Anbieters geladen werden. Rechtsgrundlage f\u00fcr die Einbindung dieser Inhalte ist unser berechtigtes Interesse an der Bereitstellung unserer Website und Nutzerfreundlichkeit gem\u00e4\u00df Art. 6 Abs. 1 S. 1 lit. f DSGVO.<\/p>\n<\/div>\n\n<div class=\"container\">\n<p><strong>3. Datenweitergabe<\/strong><\/p>\n<\/div>\n\n<div class=\"container\">\n<p>Wir arbeiten mit Dienstleistern zusammen, die in Einzelf\u00e4llen Daten erhalten k\u00f6nnen. Ihre Daten werden nur an Dritte weitergegeben, wenn Sie Ihre ausdr\u00fcckliche Einwilligung erteilt haben (Art. 6 Abs. 1 lit. a DSGVO), die Weitergabe zur Vertragserf\u00fcllung notwendig ist (Art. 6 Abs. 1 lit. b DSGVO), eine rechtliche Verpflichtung besteht (Art. 6 Abs. 1 lit. c DSGVO) oder die Weitergabe zur Geltendmachung, Aus\u00fcbung oder Verteidigung von Rechtsanspr\u00fcchen erforderlich ist (Art. 6 Abs. 1 lit. f DSGVO).<\/p>\n<\/div>\n\n<div class=\"container\">\n<p><strong>4. Betroffenenrechte<\/strong><\/p>\n<\/div>\n\n<div class=\"container\">\n<p>Sie haben das Recht auf:<\/p>\n<\/div>\n\n<div class=\"container\">\n<p>Widerruf der Einwilligung (Art. 7 Abs. 3 DSGVO)<\/p>\n<\/div>\n\n<div class=\"container\">\n<p>Auskunft (Art. 15 DSGVO)<\/p>\n<\/div>\n\n<div class=\"container\">\n<p>Berichtigung (Art. 16 DSGVO)<\/p>\n<\/div>\n\n<div class=\"container\">\n<p>L\u00f6schung (Art. 17 DSGVO)<\/p>\n<\/div>\n\n<div class=\"container\">\n<p>Einschr\u00e4nkung der Verarbeitung (Art. 18 DSGVO)<\/p>\n<\/div>\n\n<div class=\"container\">\n<p>Daten\u00fcbertragbarkeit (Art. 20 DSGVO)<\/p>\n<\/div>\n\n<div class=\"container\">\n<p>Widerspruch (Art. 21 DSGVO)<\/p>\n<\/div>\n\n<div class=\"container\">\n<p><strong>5. Widerspruchsrecht<\/strong><\/p>\n<\/div>\n\n<div class=\"container\">\n<p>Falls Sie von Ihrem Widerspruchsrecht Gebrauch machen m\u00f6chten, senden Sie bitte eine E-Mail an info@process-squad.com.<\/p>\n<\/div>\n\n<div class=\"container\">\n<p><strong>6. Datensicherheit<\/strong><\/p>\n<\/div>\n\n<div class=\"container\">\n<p>Die \u00dcbertragung der Inhalte unserer Website erfolgt verschl\u00fcsselt nach dem SSL-Verfahren.<\/p>\n<\/div>\n\n<div class=\"container\">\n<p><strong>7. Aktualisierung dieser Datenschutzerkl\u00e4rung<\/strong><\/p>\n<\/div>\n\n<div class=\"container\">\n<p>Diese Datenschutzerkl\u00e4rung ist aktuell g\u00fcltig ab 09\/2024. Wir behalten uns das Recht vor, diese Erkl\u00e4rung zuk\u00fcnftig zu \u00e4ndern, um den Datenschutz zu verbessern und anzupassen.<\/p>\n<\/div>","protected":false},"excerpt":{"rendered":"<p>1. Name und Anschrift des Verantwortlichen Verantwortlicher im Sinne der Datenschutz-Grundverordnung (im Folgenden \u201eDSGVO\u201c), anderer in den Mitgliedstaaten der Europ\u00e4ischen Union geltender Datenschutzgesetze sowie sonstiger datenschutzrechtlicher Bestimmungen ist: PETE Technologies GmbHRingstra\u00dfe 4845219 EssenDeutschland T: +49 2054 8605480E: info@pete-ai.com 2. Erhebung und Speicherung personenbezogener Daten sowie Art und Zweck von deren Verwendung a. Besuch unserer Website [&hellip;]<\/p>\n","protected":false},"author":1,"featured_media":0,"parent":0,"menu_order":0,"comment_status":"closed","ping_status":"closed","template":"","meta":{"_acf_changed":false,"footnotes":""},"class_list":["post-3","page","type-page","status-publish","hentry"],"acf":[],"yoast_head":"<!-- This site is optimized with the Yoast SEO plugin v27.4 - https:\/\/yoast.com\/product\/yoast-seo-wordpress\/ -->\n<title>Datenschutz - Pete AI<\/title>\n<meta name=\"description\" content=\"Das ist der Datenschutz der PETE Technologies GmbH. Lernen Sie uns kennen und kontaktieren Sie uns, wenn Sie mehr erfahren m\u00f6chten.\" \/>\n<meta name=\"robots\" content=\"noindex, nofollow\" \/>\n<meta property=\"og:locale\" content=\"de_DE\" \/>\n<meta property=\"og:type\" content=\"article\" \/>\n<meta property=\"og:title\" content=\"Datenschutz - Pete AI\" \/>\n<meta property=\"og:description\" content=\"Das ist der Datenschutz der PETE Technologies GmbH. Lernen Sie uns kennen und kontaktieren Sie uns, wenn Sie mehr erfahren m\u00f6chten.\" \/>\n<meta property=\"og:url\" content=\"https:\/\/pete-ai.com\/de\/datenschutz\/\" \/>\n<meta property=\"og:site_name\" content=\"Pete AI\" \/>\n<meta property=\"article:modified_time\" content=\"2024-12-10T15:21:54+00:00\" \/>\n<meta name=\"twitter:card\" content=\"summary_large_image\" \/>\n<meta name=\"twitter:label1\" content=\"Gesch\u00e4tzte Lesezeit\" \/>\n\t<meta name=\"twitter:data1\" content=\"4\u00a0Minuten\" \/>\n<script type=\"application\/ld+json\" class=\"yoast-schema-graph\">{\"@context\":\"https:\\\/\\\/schema.org\",\"@graph\":[{\"@type\":\"WebPage\",\"@id\":\"https:\\\/\\\/pete-ai.com\\\/de\\\/datenschutz\\\/\",\"url\":\"https:\\\/\\\/pete-ai.com\\\/de\\\/datenschutz\\\/\",\"name\":\"Datenschutz - Pete AI\",\"isPartOf\":{\"@id\":\"https:\\\/\\\/pete-ai.com\\\/#website\"},\"datePublished\":\"2024-09-20T07:49:43+00:00\",\"dateModified\":\"2024-12-10T15:21:54+00:00\",\"description\":\"Das ist der Datenschutz der PETE Technologies GmbH. Lernen Sie uns kennen und kontaktieren Sie uns, wenn Sie mehr erfahren m\u00f6chten.\",\"breadcrumb\":{\"@id\":\"https:\\\/\\\/pete-ai.com\\\/de\\\/datenschutz\\\/#breadcrumb\"},\"inLanguage\":\"de\",\"potentialAction\":[{\"@type\":\"ReadAction\",\"target\":[\"https:\\\/\\\/pete-ai.com\\\/de\\\/datenschutz\\\/\"]}]},{\"@type\":\"BreadcrumbList\",\"@id\":\"https:\\\/\\\/pete-ai.com\\\/de\\\/datenschutz\\\/#breadcrumb\",\"itemListElement\":[{\"@type\":\"ListItem\",\"position\":1,\"name\":\"Startseite\",\"item\":\"https:\\\/\\\/pete-ai.com\\\/de\\\/\"},{\"@type\":\"ListItem\",\"position\":2,\"name\":\"Datenschutz\"}]},{\"@type\":\"WebSite\",\"@id\":\"https:\\\/\\\/pete-ai.com\\\/#website\",\"url\":\"https:\\\/\\\/pete-ai.com\\\/\",\"name\":\"Pete AI\",\"description\":\"\",\"publisher\":{\"@id\":\"https:\\\/\\\/pete-ai.com\\\/#organization\"},\"potentialAction\":[{\"@type\":\"SearchAction\",\"target\":{\"@type\":\"EntryPoint\",\"urlTemplate\":\"https:\\\/\\\/pete-ai.com\\\/?s={search_term_string}\"},\"query-input\":{\"@type\":\"PropertyValueSpecification\",\"valueRequired\":true,\"valueName\":\"search_term_string\"}}],\"inLanguage\":\"de\"},{\"@type\":\"Organization\",\"@id\":\"https:\\\/\\\/pete-ai.com\\\/#organization\",\"name\":\"Pete AI\",\"url\":\"https:\\\/\\\/pete-ai.com\\\/\",\"logo\":{\"@type\":\"ImageObject\",\"inLanguage\":\"de\",\"@id\":\"https:\\\/\\\/pete-ai.com\\\/#\\\/schema\\\/logo\\\/image\\\/\",\"url\":\"https:\\\/\\\/pete-ai.com\\\/wp-content\\\/uploads\\\/2024\\\/09\\\/pete.svg\",\"contentUrl\":\"https:\\\/\\\/pete-ai.com\\\/wp-content\\\/uploads\\\/2024\\\/09\\\/pete.svg\",\"caption\":\"Pete AI\"},\"image\":{\"@id\":\"https:\\\/\\\/pete-ai.com\\\/#\\\/schema\\\/logo\\\/image\\\/\"}}]}<\/script>\n<!-- \/ Yoast SEO plugin. -->","yoast_head_json":{"title":"Datenschutz - Pete AI","description":"Das ist der Datenschutz der PETE Technologies GmbH. Lernen Sie uns kennen und kontaktieren Sie uns, wenn Sie mehr erfahren m\u00f6chten.","robots":{"index":"noindex","follow":"nofollow"},"og_locale":"de_DE","og_type":"article","og_title":"Datenschutz - Pete AI","og_description":"Das ist der Datenschutz der PETE Technologies GmbH. Lernen Sie uns kennen und kontaktieren Sie uns, wenn Sie mehr erfahren m\u00f6chten.","og_url":"https:\/\/pete-ai.com\/de\/datenschutz\/","og_site_name":"Pete AI","article_modified_time":"2024-12-10T15:21:54+00:00","twitter_card":"summary_large_image","twitter_misc":{"Gesch\u00e4tzte Lesezeit":"4\u00a0Minuten"},"schema":{"@context":"https:\/\/schema.org","@graph":[{"@type":"WebPage","@id":"https:\/\/pete-ai.com\/de\/datenschutz\/","url":"https:\/\/pete-ai.com\/de\/datenschutz\/","name":"Datenschutz - Pete AI","isPartOf":{"@id":"https:\/\/pete-ai.com\/#website"},"datePublished":"2024-09-20T07:49:43+00:00","dateModified":"2024-12-10T15:21:54+00:00","description":"Das ist der Datenschutz der PETE Technologies GmbH. Lernen Sie uns kennen und kontaktieren Sie uns, wenn Sie mehr erfahren m\u00f6chten.","breadcrumb":{"@id":"https:\/\/pete-ai.com\/de\/datenschutz\/#breadcrumb"},"inLanguage":"de","potentialAction":[{"@type":"ReadAction","target":["https:\/\/pete-ai.com\/de\/datenschutz\/"]}]},{"@type":"BreadcrumbList","@id":"https:\/\/pete-ai.com\/de\/datenschutz\/#breadcrumb","itemListElement":[{"@type":"ListItem","position":1,"name":"Startseite","item":"https:\/\/pete-ai.com\/de\/"},{"@type":"ListItem","position":2,"name":"Datenschutz"}]},{"@type":"WebSite","@id":"https:\/\/pete-ai.com\/#website","url":"https:\/\/pete-ai.com\/","name":"Pete AI","description":"","publisher":{"@id":"https:\/\/pete-ai.com\/#organization"},"potentialAction":[{"@type":"SearchAction","target":{"@type":"EntryPoint","urlTemplate":"https:\/\/pete-ai.com\/?s={search_term_string}"},"query-input":{"@type":"PropertyValueSpecification","valueRequired":true,"valueName":"search_term_string"}}],"inLanguage":"de"},{"@type":"Organization","@id":"https:\/\/pete-ai.com\/#organization","name":"Pete AI","url":"https:\/\/pete-ai.com\/","logo":{"@type":"ImageObject","inLanguage":"de","@id":"https:\/\/pete-ai.com\/#\/schema\/logo\/image\/","url":"https:\/\/pete-ai.com\/wp-content\/uploads\/2024\/09\/pete.svg","contentUrl":"https:\/\/pete-ai.com\/wp-content\/uploads\/2024\/09\/pete.svg","caption":"Pete AI"},"image":{"@id":"https:\/\/pete-ai.com\/#\/schema\/logo\/image\/"}}]}},"_links":{"self":[{"href":"https:\/\/pete-ai.com\/de\/wp-json\/wp\/v2\/pages\/3","targetHints":{"allow":["GET"]}}],"collection":[{"href":"https:\/\/pete-ai.com\/de\/wp-json\/wp\/v2\/pages"}],"about":[{"href":"https:\/\/pete-ai.com\/de\/wp-json\/wp\/v2\/types\/page"}],"author":[{"embeddable":true,"href":"https:\/\/pete-ai.com\/de\/wp-json\/wp\/v2\/users\/1"}],"replies":[{"embeddable":true,"href":"https:\/\/pete-ai.com\/de\/wp-json\/wp\/v2\/comments?post=3"}],"version-history":[{"count":4,"href":"https:\/\/pete-ai.com\/de\/wp-json\/wp\/v2\/pages\/3\/revisions"}],"predecessor-version":[{"id":1576,"href":"https:\/\/pete-ai.com\/de\/wp-json\/wp\/v2\/pages\/3\/revisions\/1576"}],"wp:attachment":[{"href":"https:\/\/pete-ai.com\/de\/wp-json\/wp\/v2\/media?parent=3"}],"curies":[{"name":"wp","href":"https:\/\/api.w.org\/{rel}","templated":true}]}}