{"id":205,"date":"2024-09-25T08:13:34","date_gmt":"2024-09-25T06:13:34","guid":{"rendered":"https:\/\/pete-ai.hovemann-dev.net\/?page_id=205"},"modified":"2024-12-10T16:21:29","modified_gmt":"2024-12-10T15:21:29","slug":"impressum","status":"publish","type":"page","link":"https:\/\/pete-ai.com\/de\/impressum\/","title":{"rendered":"Impressum"},"content":{"rendered":" <div class=\"block block--text   margin-bottom--big\" id=\"block_1dd073d59dbcede11bcec1a28ced7057\" data-id=\"\">\n\n\n\t<div class=\"container normal\">\n\n\t\t<h1>Impressum<\/h1>\n\n\n\t\t\n\t<\/div>\n\n<\/div>\n\n<div class=\"container\">\n<p>Angaben gem\u00e4\u00df \u00a7 5 TMG<\/p>\n<\/div>\n\n<div class=\"container\">\n<p>PETE Technologies GmbH<br>Ringstra\u00dfe 48<br>45219 Essen<\/p>\n<\/div>\n\n<div class=\"container\">\n<p>T: +49 2054 8605480<br>E: info@pete-ai.com<\/p>\n<\/div>\n\n<div class=\"container\">\n<p><strong>Vertreten durch:<\/strong><br>Hendrik Ceh<br>Petra Heine-Brach<\/p>\n<\/div>\n\n<div class=\"container\">\n<p><strong>Registereintrag:<\/strong><br>Eintragung im Handelsregister.<br>Registergericht: Essen<br>Registernummer: HRB31775<br>MwSt: DE337671564<\/p>\n<\/div>\n\n<div class=\"container\">\n<p><strong>Verantwortlich f\u00fcr den Inhalt nach \u00a7 55 Abs. 2 RStV:<\/strong><br>Hendrik Ceh<br>Ringstra\u00dfe 48<br>45219 Essen<\/p>\n<\/div>\n\n<div class=\"container\">\n<p><strong>Haftungsausschluss:<\/strong><\/p>\n<\/div>\n\n<div class=\"container\">\n<p><strong>Haftung f\u00fcr Links<\/strong><\/p>\n<\/div>\n\n<div class=\"container\">\n<p>Unser Angebot enth\u00e4lt Links zu externen Webseiten Dritter, auf deren Inhalte wir keinen Einfluss haben. Deshalb k\u00f6nnen wir f\u00fcr diese fremden Inhalte auch keine Gew\u00e4hr \u00fcbernehmen. F\u00fcr die Inhalte der verlinkten Seiten ist stets der jeweilige Anbieter oder Betreiber der Seiten verantwortlich. Die verlinkten Seiten wurden zum Zeitpunkt der Verlinkung auf m\u00f6gliche Rechtsverst\u00f6\u00dfe \u00fcberpr\u00fcft. Rechtswidrige Inhalte waren zum Zeitpunkt der Verlinkung nicht erkennbar. Eine permanente inhaltliche Kontrolle der verlinkten Seiten ist jedoch ohne konkrete Anhaltspunkte einer Rechtsverletzung nicht zumutbar. Bei Bekanntwerden von Rechtsverletzungen werden wir derartige Links umgehend entfernen.<\/p>\n<\/div>\n\n<div class=\"container\">\n<p><strong>Urheberrecht<\/strong><\/p>\n<\/div>\n\n<div class=\"container\">\n<p>Die durch die Seitenbetreiber erstellten Inhalte und Werke auf diesen Seiten unterliegen dem deutschen Urheberrecht. Die Vervielf\u00e4ltigung, Bearbeitung, Verbreitung und jede Art der Verwertung au\u00dferhalb der Grenzen des Urheberrechtes bed\u00fcrfen der schriftlichen Zustimmung des jeweiligen Autors bzw. Erstellers. Downloads und Kopien dieser Seite sind nur f\u00fcr den privaten, nicht kommerziellen Gebrauch gestattet. Soweit die Inhalte auf dieser Seite nicht vom Betreiber erstellt wurden, werden die Urheberrechte Dritter beachtet. Insbesondere werden Inhalte Dritter als solche gekennzeichnet. Sollten Sie trotzdem auf eine Urheberrechtsverletzung aufmerksam werden, bitten wir um einen entsprechenden Hinweis. Bei Bekanntwerden von Rechtsverletzungen werden wir derartige Inhalte umgehend entfernen.<\/p>\n<\/div>\n\n<div class=\"container\">\n<p><strong>Datenschutz<\/strong><\/p>\n<\/div>\n\n<div class=\"container\">\n<p>Die Nutzung unserer Webseite ist in der Regel ohne Angabe personenbezogener Daten m\u00f6glich. Soweit auf unseren Seiten personenbezogene Daten (beispielsweise Name, Anschrift oder eMail-Adressen) erhoben werden, erfolgt dies, soweit m\u00f6glich, stets auf freiwilliger Basis. Diese Daten werden ohne Ihre ausdr\u00fcckliche Zustimmung nicht an Dritte weitergegeben.<\/p>\n<\/div>\n\n<div class=\"container\">\n<p>Wir weisen darauf hin, dass die Daten\u00fcbertragung im Internet (z.B. bei der Kommunikation per E-Mail) Sicherheitsl\u00fccken aufweisen kann. Ein l\u00fcckenloser Schutz der Daten vor dem Zugriff durch Dritte ist nicht m\u00f6glich.<\/p>\n<\/div>\n\n<div class=\"container\">\n<p>Der Nutzung von im Rahmen der Impressumspflicht ver\u00f6ffentlichten Kontaktdaten durch Dritte zur \u00dcbersendung von nicht ausdr\u00fccklich angeforderter Werbung und Informationsmaterialien wird hiermit ausdr\u00fccklich widersprochen. Die Betreiber der Seiten behalten sich ausdr\u00fccklich rechtliche Schritte im Falle der unverlangten Zusendung von Werbeinformationen, etwa durch Spam-Mails, vor.<\/p>\n<\/div>\n\n<div class=\"container\">\n<p><strong>Google Analytics<\/strong><\/p>\n<\/div>\n\n<div class=\"container\">\n<p>Diese Website benutzt Google Analytics, einen Webanalysedienst der Google Inc. (\u201dGoogle\u201d). Google Analytics verwendet sog. \u201dCookies\u201d, Textdateien, die auf Ihrem Computer gespeichert werden und die eine Analyse der Benutzung der Website durch Sie erm\u00f6glicht. Die durch den Cookie erzeugten Informationen \u00fcber Ihre Benutzung dieser Website (einschlie\u00dflich Ihrer IP-Adresse) wird an einen Server von Google in den USA \u00fcbertragen und dort gespeichert. Google wird diese Informationen benutzen, um Ihre Nutzung der Website auszuwerten, um Reports \u00fcber die Websiteaktivit\u00e4ten f\u00fcr die Websitebetreiber zusammenzustellen und um weitere mit der Websitenutzung und der Internetnutzung verbundene Dienstleistungen zu erbringen. Auch wird Google diese Informationen gegebenenfalls an Dritte \u00fcbertragen, sofern dies gesetzlich vorgeschrieben oder soweit Dritte diese Daten im Auftrag von Google verarbeiten. Google wird in keinem Fall Ihre IP-Adresse mit anderen Daten der Google in Verbindung bringen. Sie k\u00f6nnen die Installation der Cookies durch eine entsprechende Einstellung Ihrer Browser Software verhindern; wir weisen Sie jedoch darauf hin, dass Sie in diesem Fall gegebenenfalls nicht s\u00e4mtliche Funktionen dieser Website voll umf\u00e4nglich nutzen k\u00f6nnen. Durch die Nutzung dieser Website erkl\u00e4ren Sie sich mit der Bearbeitung der \u00fcber Sie erhobenen Daten durch Google in der zuvor beschriebenen Art und Weise und zu dem zuvor benannten Zweck einverstanden.<\/p>\n<\/div>","protected":false},"excerpt":{"rendered":"<p>Angaben gem\u00e4\u00df \u00a7 5 TMG PETE Technologies GmbHRingstra\u00dfe 4845219 Essen T: +49 2054 8605480E: info@pete-ai.com Vertreten durch:Hendrik CehPetra Heine-Brach Registereintrag:Eintragung im Handelsregister.Registergericht: EssenRegisternummer: HRB31775MwSt: DE337671564 Verantwortlich f\u00fcr den Inhalt nach \u00a7 55 Abs. 2 RStV:Hendrik CehRingstra\u00dfe 4845219 Essen Haftungsausschluss: Haftung f\u00fcr Links Unser Angebot enth\u00e4lt Links zu externen Webseiten Dritter, auf deren Inhalte wir keinen [&hellip;]<\/p>\n","protected":false},"author":1,"featured_media":0,"parent":0,"menu_order":0,"comment_status":"closed","ping_status":"closed","template":"","meta":{"_acf_changed":false,"footnotes":""},"class_list":["post-205","page","type-page","status-publish","hentry"],"acf":[],"yoast_head":"<!-- This site is optimized with the Yoast SEO plugin v27.4 - https:\/\/yoast.com\/product\/yoast-seo-wordpress\/ -->\n<title>Impressum - Pete AI<\/title>\n<meta name=\"description\" content=\"Das ist das Impressum der PETE Technologies GmbH. Lernen Sie uns kennen und kontaktieren Sie uns, wenn Sie mehr erfahren m\u00f6chten.\" \/>\n<meta name=\"robots\" content=\"noindex, nofollow\" \/>\n<meta property=\"og:locale\" content=\"de_DE\" \/>\n<meta property=\"og:type\" content=\"article\" \/>\n<meta property=\"og:title\" content=\"Impressum - Pete AI\" \/>\n<meta property=\"og:description\" content=\"Das ist das Impressum der PETE Technologies GmbH. Lernen Sie uns kennen und kontaktieren Sie uns, wenn Sie mehr erfahren m\u00f6chten.\" \/>\n<meta property=\"og:url\" content=\"https:\/\/pete-ai.com\/de\/impressum\/\" \/>\n<meta property=\"og:site_name\" content=\"Pete AI\" \/>\n<meta property=\"article:modified_time\" content=\"2024-12-10T15:21:29+00:00\" \/>\n<meta name=\"twitter:card\" content=\"summary_large_image\" \/>\n<meta name=\"twitter:label1\" content=\"Gesch\u00e4tzte Lesezeit\" \/>\n\t<meta name=\"twitter:data1\" content=\"3\u00a0Minuten\" \/>\n<script type=\"application\/ld+json\" class=\"yoast-schema-graph\">{\"@context\":\"https:\\\/\\\/schema.org\",\"@graph\":[{\"@type\":\"WebPage\",\"@id\":\"https:\\\/\\\/pete-ai.com\\\/de\\\/impressum\\\/\",\"url\":\"https:\\\/\\\/pete-ai.com\\\/de\\\/impressum\\\/\",\"name\":\"Impressum - Pete AI\",\"isPartOf\":{\"@id\":\"https:\\\/\\\/pete-ai.com\\\/#website\"},\"datePublished\":\"2024-09-25T06:13:34+00:00\",\"dateModified\":\"2024-12-10T15:21:29+00:00\",\"description\":\"Das ist das Impressum der PETE Technologies GmbH. Lernen Sie uns kennen und kontaktieren Sie uns, wenn Sie mehr erfahren m\u00f6chten.\",\"breadcrumb\":{\"@id\":\"https:\\\/\\\/pete-ai.com\\\/de\\\/impressum\\\/#breadcrumb\"},\"inLanguage\":\"de\",\"potentialAction\":[{\"@type\":\"ReadAction\",\"target\":[\"https:\\\/\\\/pete-ai.com\\\/de\\\/impressum\\\/\"]}]},{\"@type\":\"BreadcrumbList\",\"@id\":\"https:\\\/\\\/pete-ai.com\\\/de\\\/impressum\\\/#breadcrumb\",\"itemListElement\":[{\"@type\":\"ListItem\",\"position\":1,\"name\":\"Startseite\",\"item\":\"https:\\\/\\\/pete-ai.com\\\/de\\\/\"},{\"@type\":\"ListItem\",\"position\":2,\"name\":\"Impressum\"}]},{\"@type\":\"WebSite\",\"@id\":\"https:\\\/\\\/pete-ai.com\\\/#website\",\"url\":\"https:\\\/\\\/pete-ai.com\\\/\",\"name\":\"Pete AI\",\"description\":\"\",\"publisher\":{\"@id\":\"https:\\\/\\\/pete-ai.com\\\/#organization\"},\"potentialAction\":[{\"@type\":\"SearchAction\",\"target\":{\"@type\":\"EntryPoint\",\"urlTemplate\":\"https:\\\/\\\/pete-ai.com\\\/?s={search_term_string}\"},\"query-input\":{\"@type\":\"PropertyValueSpecification\",\"valueRequired\":true,\"valueName\":\"search_term_string\"}}],\"inLanguage\":\"de\"},{\"@type\":\"Organization\",\"@id\":\"https:\\\/\\\/pete-ai.com\\\/#organization\",\"name\":\"Pete AI\",\"url\":\"https:\\\/\\\/pete-ai.com\\\/\",\"logo\":{\"@type\":\"ImageObject\",\"inLanguage\":\"de\",\"@id\":\"https:\\\/\\\/pete-ai.com\\\/#\\\/schema\\\/logo\\\/image\\\/\",\"url\":\"https:\\\/\\\/pete-ai.com\\\/wp-content\\\/uploads\\\/2024\\\/09\\\/pete.svg\",\"contentUrl\":\"https:\\\/\\\/pete-ai.com\\\/wp-content\\\/uploads\\\/2024\\\/09\\\/pete.svg\",\"caption\":\"Pete AI\"},\"image\":{\"@id\":\"https:\\\/\\\/pete-ai.com\\\/#\\\/schema\\\/logo\\\/image\\\/\"}}]}<\/script>\n<!-- \/ Yoast SEO plugin. -->","yoast_head_json":{"title":"Impressum - Pete AI","description":"Das ist das Impressum der PETE Technologies GmbH. Lernen Sie uns kennen und kontaktieren Sie uns, wenn Sie mehr erfahren m\u00f6chten.","robots":{"index":"noindex","follow":"nofollow"},"og_locale":"de_DE","og_type":"article","og_title":"Impressum - Pete AI","og_description":"Das ist das Impressum der PETE Technologies GmbH. Lernen Sie uns kennen und kontaktieren Sie uns, wenn Sie mehr erfahren m\u00f6chten.","og_url":"https:\/\/pete-ai.com\/de\/impressum\/","og_site_name":"Pete AI","article_modified_time":"2024-12-10T15:21:29+00:00","twitter_card":"summary_large_image","twitter_misc":{"Gesch\u00e4tzte Lesezeit":"3\u00a0Minuten"},"schema":{"@context":"https:\/\/schema.org","@graph":[{"@type":"WebPage","@id":"https:\/\/pete-ai.com\/de\/impressum\/","url":"https:\/\/pete-ai.com\/de\/impressum\/","name":"Impressum - Pete AI","isPartOf":{"@id":"https:\/\/pete-ai.com\/#website"},"datePublished":"2024-09-25T06:13:34+00:00","dateModified":"2024-12-10T15:21:29+00:00","description":"Das ist das Impressum der PETE Technologies GmbH. Lernen Sie uns kennen und kontaktieren Sie uns, wenn Sie mehr erfahren m\u00f6chten.","breadcrumb":{"@id":"https:\/\/pete-ai.com\/de\/impressum\/#breadcrumb"},"inLanguage":"de","potentialAction":[{"@type":"ReadAction","target":["https:\/\/pete-ai.com\/de\/impressum\/"]}]},{"@type":"BreadcrumbList","@id":"https:\/\/pete-ai.com\/de\/impressum\/#breadcrumb","itemListElement":[{"@type":"ListItem","position":1,"name":"Startseite","item":"https:\/\/pete-ai.com\/de\/"},{"@type":"ListItem","position":2,"name":"Impressum"}]},{"@type":"WebSite","@id":"https:\/\/pete-ai.com\/#website","url":"https:\/\/pete-ai.com\/","name":"Pete AI","description":"","publisher":{"@id":"https:\/\/pete-ai.com\/#organization"},"potentialAction":[{"@type":"SearchAction","target":{"@type":"EntryPoint","urlTemplate":"https:\/\/pete-ai.com\/?s={search_term_string}"},"query-input":{"@type":"PropertyValueSpecification","valueRequired":true,"valueName":"search_term_string"}}],"inLanguage":"de"},{"@type":"Organization","@id":"https:\/\/pete-ai.com\/#organization","name":"Pete AI","url":"https:\/\/pete-ai.com\/","logo":{"@type":"ImageObject","inLanguage":"de","@id":"https:\/\/pete-ai.com\/#\/schema\/logo\/image\/","url":"https:\/\/pete-ai.com\/wp-content\/uploads\/2024\/09\/pete.svg","contentUrl":"https:\/\/pete-ai.com\/wp-content\/uploads\/2024\/09\/pete.svg","caption":"Pete AI"},"image":{"@id":"https:\/\/pete-ai.com\/#\/schema\/logo\/image\/"}}]}},"_links":{"self":[{"href":"https:\/\/pete-ai.com\/de\/wp-json\/wp\/v2\/pages\/205","targetHints":{"allow":["GET"]}}],"collection":[{"href":"https:\/\/pete-ai.com\/de\/wp-json\/wp\/v2\/pages"}],"about":[{"href":"https:\/\/pete-ai.com\/de\/wp-json\/wp\/v2\/types\/page"}],"author":[{"embeddable":true,"href":"https:\/\/pete-ai.com\/de\/wp-json\/wp\/v2\/users\/1"}],"replies":[{"embeddable":true,"href":"https:\/\/pete-ai.com\/de\/wp-json\/wp\/v2\/comments?post=205"}],"version-history":[{"count":8,"href":"https:\/\/pete-ai.com\/de\/wp-json\/wp\/v2\/pages\/205\/revisions"}],"predecessor-version":[{"id":1575,"href":"https:\/\/pete-ai.com\/de\/wp-json\/wp\/v2\/pages\/205\/revisions\/1575"}],"wp:attachment":[{"href":"https:\/\/pete-ai.com\/de\/wp-json\/wp\/v2\/media?parent=205"}],"curies":[{"name":"wp","href":"https:\/\/api.w.org\/{rel}","templated":true}]}}